{"id":1014,"date":"2024-06-03T16:05:28","date_gmt":"2024-06-03T16:05:28","guid":{"rendered":"https:\/\/anatoliapanipan.ro\/index.php\/about\/"},"modified":"2024-06-05T19:05:29","modified_gmt":"2024-06-05T19:05:29","slug":"about","status":"publish","type":"page","link":"https:\/\/realpancomplet.ro\/?page_id=1014","title":{"rendered":"About"},"content":{"rendered":"\t\t<div data-elementor-type=\"wp-page\" data-elementor-id=\"1014\" class=\"elementor elementor-1014\">\n\t\t\t\t<div class=\"elementor-element elementor-element-30989c46 e-flex e-con-boxed e-con e-parent\" data-id=\"30989c46\" data-element_type=\"container\" data-e-type=\"container\">\n\t\t\t\t\t<div class=\"e-con-inner\">\n\t\t\t\t<div class=\"elementor-element elementor-element-13f773b7 elementor-widget elementor-widget-text-editor\" data-id=\"13f773b7\" data-element_type=\"widget\" data-e-type=\"widget\" data-widget_type=\"text-editor.default\">\n\t\t\t\t<div class=\"elementor-widget-container\">\n\t\t\t\t\t\t\t\t\t\r\n<div class=\"wp-block-uagb-container uagb-block-f8701fd6 alignfull uagb-is-root-container\">\r\n<div class=\"uagb-container-inner-blocks-wrap\">\r\n<div class=\"wp-block-uagb-advanced-heading uagb-block-936b863a\">\r\n<p class=\"uagb-desc-text\">Despre<\/p>\r\n<h1 class=\"uagb-heading-text\">Realpan Complet &#8211; Pas cu pas spre tradi\u021bie<\/h1>\r\n<\/div>\r\n<\/div>\r\n<\/div>\r\n\r\n\r\n\r\n<div class=\"wp-block-uagb-container uagb-layout-grid uagb-block-64b4687f alignfull uagb-is-root-container\">\r\n<div class=\"uagb-container-inner-blocks-wrap\">\r\n<div class=\"wp-block-uagb-image alignleft uagb-block-d7732d00 wp-block-uagb-image--layout-default wp-block-uagb-image--effect-static wp-block-uagb-image--align-left\">\r\n<figure class=\"wp-block-uagb-image__figure\"><img fetchpriority=\"high\" decoding=\"async\" class=\"uag-image-24\" title=\"about-us-img\" role=\"img\" src=\"https:\/\/anatoliapanipan.ro\/wp-content\/uploads\/2024\/06\/pexels-photo-6287298.jpeg\" sizes=\"(max-width: 480px) 150px\" srcset=\"https:\/\/anatoliapanipan.ro\/wp-content\/uploads\/2024\/06\/pexels-photo-6287298.jpeg ,https:\/\/anatoliapanipan.ro\/wp-content\/uploads\/2024\/06\/pexels-photo-6287298.jpeg 780w, https:\/\/anatoliapanipan.ro\/wp-content\/uploads\/2024\/06\/pexels-photo-6287298.jpeg 360w\" alt=\"\" width=\"560\" height=\"450\" \/><\/figure>\r\n<\/div>\r\n\r\n\r\n\r\n<div class=\"wp-block-uagb-info-box uagb-block-0c11ab6b uagb-infobox__content-wrap  uagb-infobox-icon-above-title uagb-infobox-image-valign-top wp-block-uagb-info-box--has-margin\">\r\n<div class=\"uagb-infobox-margin-wrapper\">\r\n<div class=\"uagb-ifb-content\">\r\n<div class=\"uagb-ifb-title-wrap\">\r\n<p class=\"uagb-ifb-title-prefix\">Despre Companie<\/p>\r\n<h2 class=\"uagb-ifb-title\">O istorie a gustului \u0219i calit\u0103\u021bii<\/h2>\r\n<\/div>\r\n<p class=\"uagb-ifb-desc\">Realpan Complet SRL se remarc\u0103 nu doar prin gustul irezistibil al produselor sale de patiserie, dar \u0219i prin angajamentul constant pentru calitate. Fiecare produs copt este rezultatul grijii \u0219i aten\u021biei noastre, oferind clien\u021bilor no\u0219tri o experien\u021b\u0103 gustativ\u0103 autentic\u0103 \u0219i satisf\u0103c\u0103toare.<\/p>\r\n<\/div>\r\n<\/div>\r\n<\/div>\r\n<\/div>\r\n<\/div>\r\n\r\n\r\n\r\n<div class=\"wp-block-uagb-container uagb-block-3530c5a3 alignfull uagb-is-root-container\">\r\n<div class=\"uagb-container-inner-blocks-wrap\">\r\n<div class=\"wp-block-uagb-container uagb-block-c7230d62\">\r\n<div class=\"wp-block-uagb-info-box uagb-block-6fabac37 uagb-infobox__content-wrap  uagb-infobox-icon-above-title uagb-infobox-image-valign-top wp-block-uagb-info-box--has-margin\">\r\n<div class=\"uagb-infobox-margin-wrapper\">\r\n<div class=\"uagb-ifb-content\">\r\n<div class=\"uagb-ifb-title-wrap\">\r\n<p class=\"uagb-ifb-title-prefix\">Misiunea Noastr\u0103<\/p>\r\n<h3 class=\"uagb-ifb-title\">Misiunea Noastr\u0103<\/h3>\r\n<\/div>\r\n<p class=\"uagb-ifb-desc\">Ne propunem s\u0103 aducem bucurie \u00een fiecare cas\u0103 din Ploie\u015fti prin p\u00e2ine \u0219i produse de patiserie de cea mai \u00eenalt\u0103 calitate, p\u0103str\u00e2nd tradi\u021biile \u0219i gustul autentic al copiilor de alt\u0103dat\u0103.<\/p>\r\n<\/div>\r\n<\/div>\r\n<\/div>\r\n<\/div>\r\n\r\n\r\n\r\n<div class=\"wp-block-uagb-container uagb-block-b861b257\">\r\n<div class=\"wp-block-uagb-info-box uagb-block-e98853d6 uagb-infobox__content-wrap  uagb-infobox-icon-above-title uagb-infobox-image-valign-top wp-block-uagb-info-box--has-margin\">\r\n<div class=\"uagb-infobox-margin-wrapper\">\r\n<div class=\"uagb-ifb-content\">\r\n<div class=\"uagb-ifb-title-wrap\">\r\n<p class=\"uagb-ifb-title-prefix\">Valoarea Noastr\u0103<\/p>\r\n<h3 class=\"uagb-ifb-title\">Valorile Noastre<\/h3>\r\n<\/div>\r\n<p class=\"uagb-ifb-desc\">La Realpan Complet, respect\u0103m frumuse\u021bea \u0219i autenticitatea fiec\u0103rui produs copt, folosind ingrediente proaspete \u0219i tehnici tradi\u021bionale pentru a men\u021bine gustul inconfundabil al copil\u0103riei.<\/p>\r\n<\/div>\r\n<\/div>\r\n<\/div>\r\n<\/div>\r\n<\/div>\r\n<\/div>\r\n\r\n\r\n\r\n<div class=\"wp-block-uagb-container uagb-block-1673812c alignfull uagb-is-root-container\">\r\n<div class=\"uagb-container-inner-blocks-wrap\">\r\n<div class=\"wp-block-uagb-info-box uagb-block-a7980481 uagb-infobox__content-wrap  uagb-infobox-icon-above-title uagb-infobox-image-valign-top wp-block-uagb-info-box--has-margin\">\r\n<div class=\"uagb-infobox-margin-wrapper\">\r\n<div class=\"uagb-ifb-content\">\r\n<div class=\"uagb-ifb-title-wrap\">\r\n<p class=\"uagb-ifb-title-prefix\">Istoric<\/p>\r\n<h2 class=\"uagb-ifb-title\">O c\u0103l\u0103torie plin\u0103 de tradi\u021bie \u0219i pasiune<\/h2>\r\n<\/div>\r\n<p class=\"uagb-ifb-desc\">Realpan Complet a \u00eenceput ca o mic\u0103 brut\u0103rie de familie \u00een inima Ploie\u0219tiului, \u0219i de atunci am crescut \u0219i ne-am extins, p\u0103str\u00e2nd mereu valorile noastre autentice. Cu ani de experien\u021b\u0103 \u00een spate, suntem m\u00e2ndri s\u0103 fim o parte integrant\u0103 din istoria culinar\u0103 a ora\u0219ului nostru.<\/p>\r\n<\/div>\r\n<\/div>\r\n<\/div>\r\n\r\n\r\n\r\n<div class=\"wp-block-uagb-image uagb-block-83435120 wp-block-uagb-image--layout-default wp-block-uagb-image--effect-static wp-block-uagb-image--align-none\">\r\n<figure class=\"wp-block-uagb-image__figure\"><img decoding=\"async\" class=\"uag-image-25\" title=\"our-story\" role=\"img\" src=\"https:\/\/anatoliapanipan.ro\/wp-content\/uploads\/2024\/06\/pexels-photo-20458601.jpeg\" sizes=\"(max-width: 480px) 150px\" srcset=\"https:\/\/anatoliapanipan.ro\/wp-content\/uploads\/2024\/06\/pexels-photo-20458601.jpeg ,https:\/\/anatoliapanipan.ro\/wp-content\/uploads\/2024\/06\/pexels-photo-20458601.jpeg 780w, https:\/\/anatoliapanipan.ro\/wp-content\/uploads\/2024\/06\/pexels-photo-20458601.jpeg 360w\" alt=\"\" width=\"560\" height=\"450\" \/><\/figure>\r\n<\/div>\r\n<\/div>\r\n<\/div>\r\n\r\n\r\n\n<div class=\"wp-block-uagb-container uagb-block-6ee77abc alignfull uagb-is-root-container\"><div class=\"uagb-container-inner-blocks-wrap\">\n<div class=\"wp-block-uagb-info-box uagb-block-70f4457e uagb-infobox__content-wrap  uagb-infobox-icon-above-title uagb-infobox-image-valign-top wp-block-uagb-info-box--has-margin\"><div class=\"uagb-infobox-margin-wrapper\"><div class=\"uagb-ifb-content\"><div class=\"uagb-ifb-title-wrap\"><p class=\"uagb-ifb-title-prefix\">Al\u0103tur\u0103-te nou\u0103<\/p><h2 class=\"uagb-ifb-title\">Bucur\u0103-te de produsele noastre unice acum!<\/h2><\/div><p class=\"uagb-ifb-desc\">Fii parte din familia RealpanComplet \u0219i descoper\u0103 aromele noastre autentice \u0219i delicioase.<\/p><div class=\"uagb-ifb-button-wrapper wp-block-button\"><a href=\"\/contact\/\" class=\"uagb-infobox-cta-link wp-block-button__link\" target=\"_self\" rel=\"noopener noreferrer\" onclick=\"return true;\" alt=\"\"><span class=\"uagb-inline-editing\">Alege acum<\/span><\/a><\/div><\/div><\/div><\/div>\n<\/div><\/div>\n\t\t\t\t\t\t\t\t<\/div>\n\t\t\t\t<\/div>\n\t\t\t\t\t<\/div>\n\t\t\t\t<\/div>\n\t\t<div class=\"elementor-element elementor-element-1e841cb e-flex e-con-boxed e-con e-parent\" data-id=\"1e841cb\" data-element_type=\"container\" data-e-type=\"container\">\n\t\t\t\t\t<div class=\"e-con-inner\">\n\t\t\t\t<div class=\"elementor-element elementor-element-829f503 elementor-widget elementor-widget-heading\" data-id=\"829f503\" data-element_type=\"widget\" data-e-type=\"widget\" data-widget_type=\"heading.default\">\n\t\t\t\t<div class=\"elementor-widget-container\">\n\t\t\t\t\t<h2 class=\"elementor-heading-title elementor-size-default\">DOT\u0102RI DIN FONDURI NERAMBURSABILE DE PESTE 40000 EURO<\/h2>\t\t\t\t<\/div>\n\t\t\t\t<\/div>\n\t\t\t\t<div class=\"elementor-element elementor-element-bb65be9 elementor-widget elementor-widget-heading\" data-id=\"bb65be9\" data-element_type=\"widget\" data-e-type=\"widget\" data-widget_type=\"heading.default\">\n\t\t\t\t<div class=\"elementor-widget-container\">\n\t\t\t\t\t<div class=\"elementor-heading-title elementor-size-default\">,,Sprijinul nerambursabil de 200.000 de lei venit din fondurile nerambursabile prin intermediul programului Start-Up Nation 2022 \u0219i achizi\u021bionarea unor echipamente de ultim\u0103 genera\u021bie ce ne ajut\u0103 s\u0103 v\u0103 oferim produse de cea mai bun\u0103 calitate \u00een domeniul codului CAEN 1071 - Fabricarea painii; fabricarea prajiturilor si a produselor proaspete de patiserie\u201d<\/div>\t\t\t\t<\/div>\n\t\t\t\t<\/div>\n\t\t\t\t\t<\/div>\n\t\t\t\t<\/div>\n\t\t\t\t<\/div>\n\t\t","protected":false},"excerpt":{"rendered":"<p>Despre Realpan Complet &#8211; Pas cu pas spre tradi\u021bie DOT\u0102RI DIN FONDURI NERAMBURSABILE DE PESTE 40000 EURO ,,Sprijinul nerambursabil de [&hellip;]<\/p>\n","protected":false},"author":1,"featured_media":0,"parent":0,"menu_order":0,"comment_status":"closed","ping_status":"closed","template":"","meta":{"_uag_custom_page_level_css":"","site-sidebar-layout":"default","site-content-layout":"","ast-site-content-layout":"default","site-content-style":"default","site-sidebar-style":"default","ast-global-header-display":"","ast-banner-title-visibility":"","ast-main-header-display":"","ast-hfb-above-header-display":"","ast-hfb-below-header-display":"","ast-hfb-mobile-header-display":"","site-post-title":"disabled","ast-breadcrumbs-content":"","ast-featured-img":"","footer-sml-layout":"","theme-transparent-header-meta":"default","adv-header-id-meta":"","stick-header-meta":"","header-above-stick-meta":"","header-main-stick-meta":"","header-below-stick-meta":"","astra-migrate-meta-layouts":"set","ast-page-background-enabled":"default","ast-page-background-meta":{"desktop":{"background-color":"var(--ast-global-color-4)","background-image":"","background-repeat":"repeat","background-position":"center center","background-size":"auto","background-attachment":"scroll","background-type":"","background-media":"","overlay-type":"","overlay-color":"","overlay-opacity":"","overlay-gradient":""},"tablet":{"background-color":"","background-image":"","background-repeat":"repeat","background-position":"center center","background-size":"auto","background-attachment":"scroll","background-type":"","background-media":"","overlay-type":"","overlay-color":"","overlay-opacity":"","overlay-gradient":""},"mobile":{"background-color":"","background-image":"","background-repeat":"repeat","background-position":"center center","background-size":"auto","background-attachment":"scroll","background-type":"","background-media":"","overlay-type":"","overlay-color":"","overlay-opacity":"","overlay-gradient":""}},"ast-content-background-meta":{"desktop":{"background-color":"var(--ast-global-color-5)","background-image":"","background-repeat":"repeat","background-position":"center center","background-size":"auto","background-attachment":"scroll","background-type":"","background-media":"","overlay-type":"","overlay-color":"","overlay-opacity":"","overlay-gradient":""},"tablet":{"background-color":"var(--ast-global-color-5)","background-image":"","background-repeat":"repeat","background-position":"center center","background-size":"auto","background-attachment":"scroll","background-type":"","background-media":"","overlay-type":"","overlay-color":"","overlay-opacity":"","overlay-gradient":""},"mobile":{"background-color":"var(--ast-global-color-5)","background-image":"","background-repeat":"repeat","background-position":"center center","background-size":"auto","background-attachment":"scroll","background-type":"","background-media":"","overlay-type":"","overlay-color":"","overlay-opacity":"","overlay-gradient":""}},"footnotes":""},"class_list":["post-1014","page","type-page","status-publish","hentry"],"uagb_featured_image_src":{"full":false,"thumbnail":false,"medium":false,"medium_large":false,"large":false,"1536x1536":false,"2048x2048":false},"uagb_author_info":{"display_name":"admin","author_link":"https:\/\/realpancomplet.ro\/?author=1"},"uagb_comment_info":0,"uagb_excerpt":"Despre Realpan Complet &#8211; Pas cu pas spre tradi\u021bie DOT\u0102RI DIN FONDURI NERAMBURSABILE DE PESTE 40000 EURO ,,Sprijinul nerambursabil de [&hellip;]","_links":{"self":[{"href":"https:\/\/realpancomplet.ro\/index.php?rest_route=\/wp\/v2\/pages\/1014","targetHints":{"allow":["GET"]}}],"collection":[{"href":"https:\/\/realpancomplet.ro\/index.php?rest_route=\/wp\/v2\/pages"}],"about":[{"href":"https:\/\/realpancomplet.ro\/index.php?rest_route=\/wp\/v2\/types\/page"}],"author":[{"embeddable":true,"href":"https:\/\/realpancomplet.ro\/index.php?rest_route=\/wp\/v2\/users\/1"}],"replies":[{"embeddable":true,"href":"https:\/\/realpancomplet.ro\/index.php?rest_route=%2Fwp%2Fv2%2Fcomments&post=1014"}],"version-history":[{"count":11,"href":"https:\/\/realpancomplet.ro\/index.php?rest_route=\/wp\/v2\/pages\/1014\/revisions"}],"predecessor-version":[{"id":1079,"href":"https:\/\/realpancomplet.ro\/index.php?rest_route=\/wp\/v2\/pages\/1014\/revisions\/1079"}],"wp:attachment":[{"href":"https:\/\/realpancomplet.ro\/index.php?rest_route=%2Fwp%2Fv2%2Fmedia&parent=1014"}],"curies":[{"name":"wp","href":"https:\/\/api.w.org\/{rel}","templated":true}]}}