{"id":1016,"date":"2024-06-03T16:05:28","date_gmt":"2024-06-03T16:05:28","guid":{"rendered":"https:\/\/anatoliapanipan.ro\/index.php\/contact\/"},"modified":"2025-07-09T17:47:10","modified_gmt":"2025-07-09T17:47:10","slug":"contact","status":"publish","type":"page","link":"https:\/\/realpancomplet.ro\/?page_id=1016","title":{"rendered":"Contact"},"content":{"rendered":"\r\n<div class=\"wp-block-uagb-container uagb-block-f8701fd6 alignfull uagb-is-root-container\">\r\n<div class=\"uagb-container-inner-blocks-wrap\">\r\n<div class=\"wp-block-uagb-advanced-heading uagb-block-936b863a\">\r\n<p class=\"uagb-desc-text\">Contact<\/p>\r\n<h1 class=\"uagb-heading-text\">Conecteaz\u0103-te cu Realpan Complet ast\u0103zi<\/h1>\r\n<\/div>\r\n<\/div>\r\n<\/div>\r\n\r\n\r\n\r\n<div class=\"wp-block-uagb-container uagb-block-9d396556 alignfull uagb-is-root-container\">\r\n<div class=\"uagb-container-inner-blocks-wrap\">\r\n<div class=\"wp-block-uagb-container uagb-block-c9de8f20\">\r\n<div class=\"wp-block-uagb-advanced-heading uagb-block-ef97d86f\">\r\n<p class=\"uagb-desc-text\">Modalit\u0103\u021bi de<\/p>\r\n<h2 class=\"uagb-heading-text\">contact \u0219i programare<\/h2>\r\n<\/div>\r\n\r\n\r\n\r\n<div class=\"wp-block-uagb-advanced-heading uagb-block-717cb215\">\r\n<p class=\"uagb-heading-text\">Adres\u0103<\/p>\r\n<p class=\"uagb-desc-text\">Realpan Complet SRL este o brut\u0103rie local\u0103 situat\u0103 \u00een Ploie\u015fti, Rom\u00e2nia. Specializat\u0103 \u00een fabricarea de p\u00e2ine, produse de patiserie \u0219i produse proaspete de panifica\u021bie delicioase, compania \u00ee\u0219i desf\u0103\u0219oar\u0103 activitatea \u00een conformitate cu codul CAEN 1071. Brut\u0103ria primitoare este situat\u0103 la Jud. Prahova, Mun. Ploie\u015fti, Str. M\u0103r\u0103\u015fe\u015fti, Nr.318. Cu angajamentul fa\u021b\u0103 de calitate \u0219i tehnici tradi\u021bionale de coacere, Realpan Complet a devenit o alegere de top pentru localnicii care caut\u0103 produse de patiserie delicioase.<\/p>\r\n<div class=\"uagb-separator\">\u00a0<\/div>\r\n<\/div>\r\n\r\n\r\n\r\n<div class=\"wp-block-uagb-container uagb-block-be962ec7\">\r\n<div class=\"wp-block-uagb-container uagb-block-652ebe1d\">\r\n<div class=\"wp-block-uagb-advanced-heading uagb-block-58703f77\">\r\n<p class=\"uagb-heading-text\">Telefon<\/p>\r\n<p class=\"uagb-desc-text\">\u00a0<\/p>\r\n<\/div>\r\n<\/div>\r\n\r\n\r\n\r\n<div class=\"wp-block-uagb-container uagb-block-2cda911f\">\r\n<div class=\"wp-block-uagb-advanced-heading uagb-block-8aa72391\">\r\n<p class=\"uagb-heading-text\">email<\/p>\r\n<p class=\"uagb-desc-text\">contact@realpancomplet.ro<\/p>\r\n<\/div>\r\n<\/div>\r\n<\/div>\r\n\r\n\r\n\r\n<div class=\"wp-block-uagb-container uagb-layout-grid uagb-block-b60fa5e0\">\r\n<div class=\"wp-block-uagb-advanced-heading uagb-block-efc0d5f5\">\r\n<p class=\"uagb-heading-text\">Urm\u0103re\u0219te-ne:<\/p>\r\n<\/div>\r\n\r\n\r\n\r\n<div class=\"wp-block-uagb-icon-list uagb-block-e7183831\">\r\n<div class=\"uagb-icon-list__wrap\">\r\n<div class=\"wp-block-uagb-icon-list-child uagb-block-c56cabf0\">\u00a0<\/div>\r\n\r\n\r\n\r\n<div class=\"wp-block-uagb-icon-list-child uagb-block-8c2eb2ad\">\u00a0<\/div>\r\n\r\n\r\n\r\n<div class=\"wp-block-uagb-icon-list-child uagb-block-9b3299c3\">\u00a0<\/div>\r\n\r\n\r\n\r\n<div class=\"wp-block-uagb-icon-list-child uagb-block-63c2876d\">\u00a0<\/div>\r\n\r\n\r\n\r\n<div class=\"wp-block-uagb-icon-list-child uagb-block-d2ae7696\">\u00a0<\/div>\r\n<\/div>\r\n<\/div>\r\n<\/div>\r\n<\/div>\r\n\r\n\r\n\r\n<div class=\"wp-block-uagb-container uagb-block-27e8405d\">\r\n<div class=\"wp-block-uagb-advanced-heading uagb-block-4311e49b\">\r\n<h2 class=\"uagb-heading-text\">Completeaz\u0103 formularul de contact<\/h2>\r\n<\/div>\r\n\r\n\r\n\r\n<div class=\"wp-block-uagb-forms uagb-forms__outer-wrap uagb-block-969460fd uagb-forms__medium-btn\"><form class=\"uagb-forms-main-form\" autocomplete=\"on\" method=\"post\" name=\"uagb-form-969460fd\">\r\n<div class=\"wp-block-uagb-forms-name uagb-forms-name-wrap uagb-forms-field-set uagb-block-340c2c8a\">\r\n<div id=\"340c2c8a\" class=\"uagb-forms-name-label required uagb-forms-input-label\">Nume complet<\/div>\r\n<input class=\"uagb-forms-name-input uagb-forms-input\" autocomplete=\"given-name\" name=\"340c2c8a\" required=\"\" type=\"text\" placeholder=\"\" \/><\/div>\r\n\r\n\r\n\r\n<div class=\"wp-block-uagb-forms-email uagb-forms-email-wrap uagb-forms-field-set uagb-block-55116b51\">\r\n<div id=\"55116b51\" class=\"uagb-forms-email-label required uagb-forms-input-label\">Email<\/div>\r\n<input class=\"uagb-forms-email-input uagb-forms-input\" autocomplete=\"email\" name=\"55116b51\" required=\"\" type=\"email\" placeholder=\"\" \/><\/div>\r\n\r\n\r\n\r\n<div class=\"wp-block-uagb-forms-textarea uagb-forms-textarea-wrap uagb-forms-field-set uagb-block-8928479e\">\r\n<div id=\"8928479e\" class=\"uagb-forms-textarea-label required uagb-forms-input-label\">Mesaj<\/div>\r\n<textarea class=\"uagb-forms-textarea-input uagb-forms-input\" name=\"8928479e\" required=\"\" rows=\"4\" placeholder=\"\"><\/textarea><\/div>\r\n\r\n<div class=\"uagb-forms-form-hidden-data\"><input class=\"uagb_forms_form_label\" type=\"hidden\" value=\"Spectra Form\" \/><input class=\"uagb_forms_form_id\" type=\"hidden\" value=\"uagb-form-969460fd\" \/><\/div>\r\n<div class=\"uagb-form-reacaptcha-error-969460fd\">\u00a0<\/div>\r\n<div class=\"uagb-forms-main-submit-button-wrap wp-block-button\">\r\n<div class=\"uagb-forms-main-submit-button-text\">Trimite<\/div>\r\n<\/div>\r\n<\/form>\r\n<div class=\"uagb-forms-success-message-969460fd uagb-forms-submit-message-hide\">The form has been submitted successfully!<\/div>\r\n<div class=\"uagb-forms-failed-message-969460fd uagb-forms-submit-message-hide\">There has been some error while submitting the form. Please verify all form fields again.<\/div>\r\n<\/div>\r\n<\/div>\r\n<\/div>\r\n<\/div>\r\n\r\n\r\n\n<div class=\"wp-block-uagb-container uagb-block-6ee77abc alignfull uagb-is-root-container\"><div class=\"uagb-container-inner-blocks-wrap\">\n<div class=\"wp-block-uagb-info-box uagb-block-70f4457e uagb-infobox__content-wrap  uagb-infobox-icon-above-title uagb-infobox-image-valign-top wp-block-uagb-info-box--has-margin\"><div class=\"uagb-infobox-margin-wrapper\"><div class=\"uagb-ifb-content\"><div class=\"uagb-ifb-title-wrap\"><p class=\"uagb-ifb-title-prefix\">Al\u0103tur\u0103-te nou\u0103<\/p><h2 class=\"uagb-ifb-title\">Bucur\u0103-te de produsele noastre unice acum!<\/h2><\/div><p class=\"uagb-ifb-desc\">Fii parte din familia RealpanComplet \u0219i descoper\u0103 aromele noastre autentice \u0219i delicioase.<\/p><div class=\"uagb-ifb-button-wrapper wp-block-button\"><a href=\"\/contact\/\" class=\"uagb-infobox-cta-link wp-block-button__link\" target=\"_self\" rel=\"noopener noreferrer\" onclick=\"return true;\" alt=\"\"><span class=\"uagb-inline-editing\">Alege acum<\/span><\/a><\/div><\/div><\/div><\/div>\n<\/div><\/div>\n","protected":false},"excerpt":{"rendered":"<p>Contact Conecteaz\u0103-te cu Realpan Complet ast\u0103zi Modalit\u0103\u021bi de contact \u0219i programare Adres\u0103 Realpan Complet SRL este o brut\u0103rie local\u0103 situat\u0103 [&hellip;]<\/p>\n","protected":false},"author":1,"featured_media":0,"parent":0,"menu_order":0,"comment_status":"closed","ping_status":"closed","template":"","meta":{"_uag_custom_page_level_css":"","site-sidebar-layout":"default","site-content-layout":"","ast-site-content-layout":"default","site-content-style":"default","site-sidebar-style":"default","ast-global-header-display":"","ast-banner-title-visibility":"","ast-main-header-display":"","ast-hfb-above-header-display":"","ast-hfb-below-header-display":"","ast-hfb-mobile-header-display":"","site-post-title":"disabled","ast-breadcrumbs-content":"","ast-featured-img":"","footer-sml-layout":"","ast-disable-related-posts":"","theme-transparent-header-meta":"default","adv-header-id-meta":"","stick-header-meta":"","header-above-stick-meta":"","header-main-stick-meta":"","header-below-stick-meta":"","astra-migrate-meta-layouts":"set","ast-page-background-enabled":"default","ast-page-background-meta":{"desktop":{"background-color":"var(--ast-global-color-5)","background-image":"","background-repeat":"repeat","background-position":"center center","background-size":"auto","background-attachment":"scroll","background-type":"","background-media":"","overlay-type":"","overlay-color":"","overlay-opacity":"","overlay-gradient":""},"tablet":{"background-color":"","background-image":"","background-repeat":"repeat","background-position":"center center","background-size":"auto","background-attachment":"scroll","background-type":"","background-media":"","overlay-type":"","overlay-color":"","overlay-opacity":"","overlay-gradient":""},"mobile":{"background-color":"","background-image":"","background-repeat":"repeat","background-position":"center center","background-size":"auto","background-attachment":"scroll","background-type":"","background-media":"","overlay-type":"","overlay-color":"","overlay-opacity":"","overlay-gradient":""}},"ast-content-background-meta":{"desktop":{"background-color":"var(--ast-global-color-4)","background-image":"","background-repeat":"repeat","background-position":"center center","background-size":"auto","background-attachment":"scroll","background-type":"","background-media":"","overlay-type":"","overlay-color":"","overlay-opacity":"","overlay-gradient":""},"tablet":{"background-color":"var(--ast-global-color-4)","background-image":"","background-repeat":"repeat","background-position":"center center","background-size":"auto","background-attachment":"scroll","background-type":"","background-media":"","overlay-type":"","overlay-color":"","overlay-opacity":"","overlay-gradient":""},"mobile":{"background-color":"var(--ast-global-color-4)","background-image":"","background-repeat":"repeat","background-position":"center center","background-size":"auto","background-attachment":"scroll","background-type":"","background-media":"","overlay-type":"","overlay-color":"","overlay-opacity":"","overlay-gradient":""}},"footnotes":""},"class_list":["post-1016","page","type-page","status-publish","hentry"],"uagb_featured_image_src":{"full":false,"thumbnail":false,"medium":false,"medium_large":false,"large":false,"1536x1536":false,"2048x2048":false},"uagb_author_info":{"display_name":"admin","author_link":"https:\/\/realpancomplet.ro\/?author=1"},"uagb_comment_info":0,"uagb_excerpt":"Contact Conecteaz\u0103-te cu Realpan Complet ast\u0103zi Modalit\u0103\u021bi de contact \u0219i programare Adres\u0103 Realpan Complet SRL este o brut\u0103rie local\u0103 situat\u0103 [&hellip;]","_links":{"self":[{"href":"https:\/\/realpancomplet.ro\/index.php?rest_route=\/wp\/v2\/pages\/1016","targetHints":{"allow":["GET"]}}],"collection":[{"href":"https:\/\/realpancomplet.ro\/index.php?rest_route=\/wp\/v2\/pages"}],"about":[{"href":"https:\/\/realpancomplet.ro\/index.php?rest_route=\/wp\/v2\/types\/page"}],"author":[{"embeddable":true,"href":"https:\/\/realpancomplet.ro\/index.php?rest_route=\/wp\/v2\/users\/1"}],"replies":[{"embeddable":true,"href":"https:\/\/realpancomplet.ro\/index.php?rest_route=%2Fwp%2Fv2%2Fcomments&post=1016"}],"version-history":[{"count":15,"href":"https:\/\/realpancomplet.ro\/index.php?rest_route=\/wp\/v2\/pages\/1016\/revisions"}],"predecessor-version":[{"id":1083,"href":"https:\/\/realpancomplet.ro\/index.php?rest_route=\/wp\/v2\/pages\/1016\/revisions\/1083"}],"wp:attachment":[{"href":"https:\/\/realpancomplet.ro\/index.php?rest_route=%2Fwp%2Fv2%2Fmedia&parent=1016"}],"curies":[{"name":"wp","href":"https:\/\/api.w.org\/{rel}","templated":true}]}}